{"id":577,"date":"2016-05-17T15:42:34","date_gmt":"2016-05-17T13:42:34","guid":{"rendered":"http:\/\/www.ccsp.it\/blog\/?post_type=product&#038;p=577"},"modified":"2016-05-17T15:42:34","modified_gmt":"2016-05-17T13:42:34","slug":"la-vallee-des-merveilles-et-les-mythologie-indo-europeennes","status":"publish","type":"product","link":"https:\/\/www.ccsp.it\/blog\/?product=la-vallee-des-merveilles-et-les-mythologie-indo-europeennes","title":{"rendered":"La vall\u00e9e des Merveilles et les mythologie Indo-europ\u00e9ennes"},"content":{"rendered":"","protected":false},"excerpt":{"rendered":"<p><strong>La vall\u00e9e des Merveilles et les mythologie Indo-europ\u00e9ennes (edizione in lingua francese)<\/strong><br \/>\n<em>di Roland Dufrenne; vol. 17, I ed. francese, 1997; 220 pp., ill.<\/em><\/p>\n<p>Il volume presenta un\u2019analisi delle principali incisioni rupestri del Monte Bego, nelle Alpi Marittime francesi. L\u2019analisi comparata propone la loro lettura sulla base di una concettualit\u00e0 di tipo indo-europeo e dei miti trasmessi dai libri sacri ind\u00f9. Incisioni rupestri del periodo calcolitico e dell\u2019et\u00e0 del Bronzo vengono decodificate, cominciano a parlare e acquisiscono un significato profondo. Questo volume offre importanti spunti per la comprensione dei messaggi, finora rimasti ermetici, anche di altre localit\u00e0 di arte rupestre. Propone inoltre suggerimenti per metodi di ricerca multidisciplinare che aprono nuove prospettive alla lettura dell\u2019arte rupestre. <a href=\"https:\/\/www.ccsp.it\/blog\/?product=la-vallee-des-merveilles-et-les-mythologie-indo-europeennes\">Continua a leggere<span class=\"meta-nav\">&rarr;<\/span><\/a><\/p>\n","protected":false},"featured_media":578,"comment_status":"closed","ping_status":"closed","template":"","meta":[],"product_cat":[24],"product_tag":[],"_links":{"self":[{"href":"https:\/\/www.ccsp.it\/blog\/index.php?rest_route=\/wp\/v2\/product\/577"}],"collection":[{"href":"https:\/\/www.ccsp.it\/blog\/index.php?rest_route=\/wp\/v2\/product"}],"about":[{"href":"https:\/\/www.ccsp.it\/blog\/index.php?rest_route=\/wp\/v2\/types\/product"}],"replies":[{"embeddable":true,"href":"https:\/\/www.ccsp.it\/blog\/index.php?rest_route=%2Fwp%2Fv2%2Fcomments&post=577"}],"wp:featuredmedia":[{"embeddable":true,"href":"https:\/\/www.ccsp.it\/blog\/index.php?rest_route=\/wp\/v2\/media\/578"}],"wp:attachment":[{"href":"https:\/\/www.ccsp.it\/blog\/index.php?rest_route=%2Fwp%2Fv2%2Fmedia&parent=577"}],"wp:term":[{"taxonomy":"product_cat","embeddable":true,"href":"https:\/\/www.ccsp.it\/blog\/index.php?rest_route=%2Fwp%2Fv2%2Fproduct_cat&post=577"},{"taxonomy":"product_tag","embeddable":true,"href":"https:\/\/www.ccsp.it\/blog\/index.php?rest_route=%2Fwp%2Fv2%2Fproduct_tag&post=577"}],"curies":[{"name":"wp","href":"https:\/\/api.w.org\/{rel}","templated":true}]}}