{"id":558,"date":"2016-05-17T15:28:16","date_gmt":"2016-05-17T13:28:16","guid":{"rendered":"http:\/\/www.ccsp.it\/blog\/?post_type=product&#038;p=558"},"modified":"2025-03-22T17:15:10","modified_gmt":"2025-03-22T16:15:10","slug":"laltipiano-di-ossimo-borno-nella-preistoria-ricerche-1988-1990","status":"publish","type":"product","link":"https:\/\/www.ccsp.it\/blog\/?product=laltipiano-di-ossimo-borno-nella-preistoria-ricerche-1988-1990","title":{"rendered":"L&#8217;altipiano di Ossimo-Borno nella preistoria. Ricerche 1988-1990"},"content":{"rendered":"","protected":false},"excerpt":{"rendered":"<p><strong>L&#8217;altipiano di Ossimo-Borno nella preistoria. Ricerche 1988-1990<\/strong><br \/>\n<em>di Francesco Fedele; Studi Camuni, vol. 10, II ed. italiana 1990; 359 pp., 236 ill.<\/em><\/p>\n<p>La scoperta di tre nuove statue menhir a Ossimo all&#8217;inizio dell&#8217;anno 1988 diede l&#8217;opportunit\u00e0 di scavare e studiare i siti dell&#8217;et\u00e0 del Rame sull&#8217;altopiano di Ossimo-Borno. Vennero in luce centri cerimoniali appartenenti a culture dell&#8217;et\u00e0 del Rame, IV-III millennio a.C. Questo volume presenta i risultati essenziali delle ricerche svolte dal 1988 al 1990. La terza parte presenta le schede schematiche e un esame comprensivo di 17 statue menhir dell&#8217;altopiano di Ossimo-Borno, sulla base delle conoscenze del 1988. Si tratta di uno studio dell&#8217;iconografia, associazioni e distribuzione dei grafemi. Ogni monumento o parte di monumento \u00e8 descritto e analizzato a seconda del tipo, della tecnica di esecuzione e relazioni spaziali dei segni osservati. I risultati sono rilevanti ai fini di una ricostruzione delle culture dell&#8217;et\u00e0 del Rame nelle Alpi e delle espressioni<br \/>\nreligiose del IV e III millennio a.C. in relazione al culto delle statue menhir. <a href=\"https:\/\/www.ccsp.it\/blog\/?product=laltipiano-di-ossimo-borno-nella-preistoria-ricerche-1988-1990\">Continua a leggere<span class=\"meta-nav\">&rarr;<\/span><\/a><\/p>\n","protected":false},"featured_media":559,"comment_status":"closed","ping_status":"closed","template":"","meta":[],"product_cat":[24],"product_tag":[],"_links":{"self":[{"href":"https:\/\/www.ccsp.it\/blog\/index.php?rest_route=\/wp\/v2\/product\/558"}],"collection":[{"href":"https:\/\/www.ccsp.it\/blog\/index.php?rest_route=\/wp\/v2\/product"}],"about":[{"href":"https:\/\/www.ccsp.it\/blog\/index.php?rest_route=\/wp\/v2\/types\/product"}],"replies":[{"embeddable":true,"href":"https:\/\/www.ccsp.it\/blog\/index.php?rest_route=%2Fwp%2Fv2%2Fcomments&post=558"}],"wp:featuredmedia":[{"embeddable":true,"href":"https:\/\/www.ccsp.it\/blog\/index.php?rest_route=\/wp\/v2\/media\/559"}],"wp:attachment":[{"href":"https:\/\/www.ccsp.it\/blog\/index.php?rest_route=%2Fwp%2Fv2%2Fmedia&parent=558"}],"wp:term":[{"taxonomy":"product_cat","embeddable":true,"href":"https:\/\/www.ccsp.it\/blog\/index.php?rest_route=%2Fwp%2Fv2%2Fproduct_cat&post=558"},{"taxonomy":"product_tag","embeddable":true,"href":"https:\/\/www.ccsp.it\/blog\/index.php?rest_route=%2Fwp%2Fv2%2Fproduct_tag&post=558"}],"curies":[{"name":"wp","href":"https:\/\/api.w.org\/{rel}","templated":true}]}}