{"id":650,"date":"2016-05-24T10:04:56","date_gmt":"2016-05-24T08:04:56","guid":{"rendered":"http:\/\/www.ccsp.it\/blog\/?product=bcsp-16-1977"},"modified":"2016-05-24T10:05:43","modified_gmt":"2016-05-24T08:05:43","slug":"bcsp-16-1977","status":"publish","type":"product","link":"http:\/\/www.ccsp.it\/blog\/?product=bcsp-16-1977","title":{"rendered":"BCSP 16 (1977)"},"content":{"rendered":"","protected":false},"excerpt":{"rendered":"<p>BCSP, vol. I \u2013 XL<br \/>\nAA. VV. edizione multilingue<br \/>\nIl volume XXXIV del BCSP, dedicato all\u2019arte preistorica italiana, \u00e8 stato pubblicato nel 2004. In trent\u2019anni, circa 5.000 pagine sono testimoni del progresso della ricerca nel campo dell\u2019arte preistorica e tribale. Gli indici analitici contenuti nei volumi XV e XXX rendono il Bollettino una piccola enciclopedia in cui \u00e8 possibile trovare dati attraverso i siti geografici, i temi e i contenuti degli articoli. Ogni testo \u00e8 pubblicato nella sua lingua originale, italiano, francese o inglese, ed \u00e8 seguito da un riassunto nelle altre due lingue. <a href=\"http:\/\/www.ccsp.it\/blog\/?product=bcsp-16-1977\">Continua a leggere<span class=\"meta-nav\">&rarr;<\/span><\/a><\/p>\n","protected":false},"featured_media":616,"comment_status":"closed","ping_status":"closed","template":"","meta":[],"product_cat":[25],"product_tag":[],"_links":{"self":[{"href":"http:\/\/www.ccsp.it\/blog\/index.php?rest_route=\/wp\/v2\/product\/650"}],"collection":[{"href":"http:\/\/www.ccsp.it\/blog\/index.php?rest_route=\/wp\/v2\/product"}],"about":[{"href":"http:\/\/www.ccsp.it\/blog\/index.php?rest_route=\/wp\/v2\/types\/product"}],"replies":[{"embeddable":true,"href":"http:\/\/www.ccsp.it\/blog\/index.php?rest_route=%2Fwp%2Fv2%2Fcomments&post=650"}],"wp:featuredmedia":[{"embeddable":true,"href":"http:\/\/www.ccsp.it\/blog\/index.php?rest_route=\/wp\/v2\/media\/616"}],"wp:attachment":[{"href":"http:\/\/www.ccsp.it\/blog\/index.php?rest_route=%2Fwp%2Fv2%2Fmedia&parent=650"}],"wp:term":[{"taxonomy":"product_cat","embeddable":true,"href":"http:\/\/www.ccsp.it\/blog\/index.php?rest_route=%2Fwp%2Fv2%2Fproduct_cat&post=650"},{"taxonomy":"product_tag","embeddable":true,"href":"http:\/\/www.ccsp.it\/blog\/index.php?rest_route=%2Fwp%2Fv2%2Fproduct_tag&post=650"}],"curies":[{"name":"wp","href":"https:\/\/api.w.org\/{rel}","templated":true}]}}