{"id":537,"date":"2016-05-11T15:54:37","date_gmt":"2016-05-11T13:54:37","guid":{"rendered":"http:\/\/www.ccsp.it\/blog\/?post_type=product&#038;p=537"},"modified":"2016-05-16T09:25:44","modified_gmt":"2016-05-16T07:25:44","slug":"valcamonica-symposium-2013","status":"publish","type":"product","link":"http:\/\/www.ccsp.it\/blog\/?product=valcamonica-symposium-2013","title":{"rendered":"VALCAMONICA SYMPOSIUM 2013"},"content":{"rendered":"","protected":false},"excerpt":{"rendered":"<p><strong>VALCAMONICA SYMPOSIUM 2013 &#8211; Arte come sorgente di storia<\/strong><br \/>\nIl pi\u00f9 grande archivio che l&#8217;umanit\u00e0 possegga sul proprio passato remoto \u00e8 costituito da immagini lasciate nel corso degli ultimi 50.000 anni dalle comunit\u00e0 che si sono diffuse sul pianeta raggiungendo tutte le aree abitabili del globo. Per questo il CCSP fin dalle sue origini, ha sollecitato l\u2019incontro e il confronto fra gli studiosi e gli specialisti di diverse discipline, contribuendo alla conoscenza e alla comprensione del fenomeno dell\u2019arte rupestre, anche attraverso la costituzione di Symposia internazionali che si svolgono con cadenza biennale e giungono quest\u2019anno alla XXV edizione. <a href=\"http:\/\/www.ccsp.it\/blog\/?product=valcamonica-symposium-2013\">Continua a leggere<span class=\"meta-nav\">&rarr;<\/span><\/a><\/p>\n","protected":false},"featured_media":538,"comment_status":"closed","ping_status":"closed","template":"","meta":[],"product_cat":[26],"product_tag":[],"_links":{"self":[{"href":"http:\/\/www.ccsp.it\/blog\/index.php?rest_route=\/wp\/v2\/product\/537"}],"collection":[{"href":"http:\/\/www.ccsp.it\/blog\/index.php?rest_route=\/wp\/v2\/product"}],"about":[{"href":"http:\/\/www.ccsp.it\/blog\/index.php?rest_route=\/wp\/v2\/types\/product"}],"replies":[{"embeddable":true,"href":"http:\/\/www.ccsp.it\/blog\/index.php?rest_route=%2Fwp%2Fv2%2Fcomments&post=537"}],"wp:featuredmedia":[{"embeddable":true,"href":"http:\/\/www.ccsp.it\/blog\/index.php?rest_route=\/wp\/v2\/media\/538"}],"wp:attachment":[{"href":"http:\/\/www.ccsp.it\/blog\/index.php?rest_route=%2Fwp%2Fv2%2Fmedia&parent=537"}],"wp:term":[{"taxonomy":"product_cat","embeddable":true,"href":"http:\/\/www.ccsp.it\/blog\/index.php?rest_route=%2Fwp%2Fv2%2Fproduct_cat&post=537"},{"taxonomy":"product_tag","embeddable":true,"href":"http:\/\/www.ccsp.it\/blog\/index.php?rest_route=%2Fwp%2Fv2%2Fproduct_tag&post=537"}],"curies":[{"name":"wp","href":"https:\/\/api.w.org\/{rel}","templated":true}]}}