{"id":512,"date":"2016-05-11T15:31:56","date_gmt":"2016-05-11T13:31:56","guid":{"rendered":"http:\/\/www.ccsp.it\/blog\/?post_type=product&#038;p=512"},"modified":"2016-09-14T10:13:23","modified_gmt":"2016-09-14T08:13:23","slug":"40000-anni-di-arte-contemporanea","status":"publish","type":"product","link":"http:\/\/www.ccsp.it\/blog\/?product=40000-anni-di-arte-contemporanea","title":{"rendered":"40000 anni di arte contemporanea"},"content":{"rendered":"","protected":false},"excerpt":{"rendered":"<p>40000 anni di arte contemporanea<br \/>\n<em>a cura di Emmauel Anati; I ed. italiana, 2000; 297 pp., ill.<\/em><\/p>\n<p>L&#8217;Europa sta ricercando la sua unit\u00e0, ultimo capitolo di una storia che ha visto alleanze e guerre, amicizia e od\u00ee nel corso di 2000 anni. La cronaca di questi due ultimi millenni \u00e8 riassunta nei libri si testo. Gli Etruschi, i Celti, i Galli, i Romani avevano fornito all&#8217;Europ a e basi della sua identit\u00e0 culturale. Ma cosa c&#8217;era prima che si formassero queste culture? Qual \u00e8 la storia dell&#8217;europa dalle sue origini, dai tempi delle bande di cacciatori di mammuth fino alla formazione di queste entit\u00e0 politiche? (esaurito) <a href=\"http:\/\/www.ccsp.it\/blog\/?product=40000-anni-di-arte-contemporanea\">Continua a leggere<span class=\"meta-nav\">&rarr;<\/span><\/a><\/p>\n","protected":false},"featured_media":513,"comment_status":"closed","ping_status":"closed","template":"","meta":[],"product_cat":[27],"product_tag":[],"_links":{"self":[{"href":"http:\/\/www.ccsp.it\/blog\/index.php?rest_route=\/wp\/v2\/product\/512"}],"collection":[{"href":"http:\/\/www.ccsp.it\/blog\/index.php?rest_route=\/wp\/v2\/product"}],"about":[{"href":"http:\/\/www.ccsp.it\/blog\/index.php?rest_route=\/wp\/v2\/types\/product"}],"replies":[{"embeddable":true,"href":"http:\/\/www.ccsp.it\/blog\/index.php?rest_route=%2Fwp%2Fv2%2Fcomments&post=512"}],"wp:featuredmedia":[{"embeddable":true,"href":"http:\/\/www.ccsp.it\/blog\/index.php?rest_route=\/wp\/v2\/media\/513"}],"wp:attachment":[{"href":"http:\/\/www.ccsp.it\/blog\/index.php?rest_route=%2Fwp%2Fv2%2Fmedia&parent=512"}],"wp:term":[{"taxonomy":"product_cat","embeddable":true,"href":"http:\/\/www.ccsp.it\/blog\/index.php?rest_route=%2Fwp%2Fv2%2Fproduct_cat&post=512"},{"taxonomy":"product_tag","embeddable":true,"href":"http:\/\/www.ccsp.it\/blog\/index.php?rest_route=%2Fwp%2Fv2%2Fproduct_tag&post=512"}],"curies":[{"name":"wp","href":"https:\/\/api.w.org\/{rel}","templated":true}]}}