{"id":489,"date":"2016-05-11T14:42:45","date_gmt":"2016-05-11T12:42:45","guid":{"rendered":"http:\/\/www.ccsp.it\/blog\/?post_type=product&#038;p=489"},"modified":"2016-05-11T14:42:54","modified_gmt":"2016-05-11T12:42:54","slug":"capo-di-ponte-centro-dellarte-rupestre-camuna","status":"publish","type":"product","link":"http:\/\/www.ccsp.it\/blog\/?product=capo-di-ponte-centro-dellarte-rupestre-camuna","title":{"rendered":"Capo di ponte centro dell&#8217;arte rupestre camuna"},"content":{"rendered":"","protected":false},"excerpt":{"rendered":"<p><strong>Capo di ponte centro dell&#8217;arte rupestre camuna<\/strong><br \/>\n<em>di Emmanuel Anati; Studi Camuni, vol. 1, X ed. italiana, 1981 (Free view); III ed. tedesca, 1987; II ed. inglese, 1987; I ed. francese, 1981; 62 pp., 44 ill.<\/em><\/p>\n<p>Da quest&#8217;opera di dimensioni modeste -il cui scopo era quello di fungere da guida ed aiutare il visitatore &#8211; \u00e8 nato un dibattito che si \u00e8 allargato toccando dei campi sempre pi\u00f9 vasti. Capo di Ponte \u00e8 ormai un libro classico del piccolo mondo dei Camuni. \u00c8 stato utilizzato come manuale in Universit\u00e0 e Istituti di Ricerca, in Italia e all&#8217;estero, ma soprattutto \u00e8 entrato nelle scuole, in centinaia di case della Valcamonica ed \u00e8 stato letto da migliaia di amatori della disciplina di regioni vicine e lontane. (\u20ac. 5,00) <a href=\"http:\/\/www.ccsp.it\/blog\/?product=capo-di-ponte-centro-dellarte-rupestre-camuna\">Continua a leggere<span class=\"meta-nav\">&rarr;<\/span><\/a><\/p>\n","protected":false},"featured_media":490,"comment_status":"closed","ping_status":"closed","template":"","meta":[],"product_cat":[24],"product_tag":[],"_links":{"self":[{"href":"http:\/\/www.ccsp.it\/blog\/index.php?rest_route=\/wp\/v2\/product\/489"}],"collection":[{"href":"http:\/\/www.ccsp.it\/blog\/index.php?rest_route=\/wp\/v2\/product"}],"about":[{"href":"http:\/\/www.ccsp.it\/blog\/index.php?rest_route=\/wp\/v2\/types\/product"}],"replies":[{"embeddable":true,"href":"http:\/\/www.ccsp.it\/blog\/index.php?rest_route=%2Fwp%2Fv2%2Fcomments&post=489"}],"wp:featuredmedia":[{"embeddable":true,"href":"http:\/\/www.ccsp.it\/blog\/index.php?rest_route=\/wp\/v2\/media\/490"}],"wp:attachment":[{"href":"http:\/\/www.ccsp.it\/blog\/index.php?rest_route=%2Fwp%2Fv2%2Fmedia&parent=489"}],"wp:term":[{"taxonomy":"product_cat","embeddable":true,"href":"http:\/\/www.ccsp.it\/blog\/index.php?rest_route=%2Fwp%2Fv2%2Fproduct_cat&post=489"},{"taxonomy":"product_tag","embeddable":true,"href":"http:\/\/www.ccsp.it\/blog\/index.php?rest_route=%2Fwp%2Fv2%2Fproduct_tag&post=489"}],"curies":[{"name":"wp","href":"https:\/\/api.w.org\/{rel}","templated":true}]}}