{"id":483,"date":"2016-05-11T14:02:57","date_gmt":"2016-05-11T12:02:57","guid":{"rendered":"http:\/\/www.ccsp.it\/blog\/?post_type=product&#038;p=483"},"modified":"2025-03-22T17:15:09","modified_gmt":"2025-03-22T16:15:09","slug":"lucus-rupestris-sei-millenni-darte-rupestre-a-campanine-di-cimbergo","status":"publish","type":"product","link":"http:\/\/www.ccsp.it\/blog\/?product=lucus-rupestris-sei-millenni-darte-rupestre-a-campanine-di-cimbergo","title":{"rendered":"Lucus rupestris. Sei millenni d\u2019arte rupestre a Campanine di Cimbergo"},"content":{"rendered":"","protected":false},"excerpt":{"rendered":"<p><strong>Lucus rupestris. Sei millenni d\u2019arte rupestre a Campanine di Cimbergo<\/strong><br \/>\n<em>a cura di Umberto Sansoni e Silvana Gavaldo; Archivi 18, I ed. it., 2009; 416 pp., ill., tavv.<\/em><br \/>\nL\u2019opera raccoglie i risultati di pi\u00f9 di dieci anni di lavoro a Campanine di Cimbergo, nella Riserva naturale delle incisioni rupestri di Ceto, Cimbergo e Paspardo, ad opera dell\u2019equipe del Dipartimento Valcamonica del CCSP che propone il corpus completo delle istoriazioni, il catalogo delle rocce, un\u2019accurata cartografia e una serie di interventi ragionati sulle tematiche pi\u00f9 rappresentative. Campanine presenta una continuit\u00e0 istoriativa unica che copre un arco di tempo dal Neolitico (V mill. a.C.) alla piena et\u00e0 storica quando patiboli, segni cristiani, castelli e armati affiancano le pi\u00f9 antiche figure preistoriche. (\u20ac. 40,00) <a href=\"http:\/\/www.ccsp.it\/blog\/?product=lucus-rupestris-sei-millenni-darte-rupestre-a-campanine-di-cimbergo\">Continua a leggere<span class=\"meta-nav\">&rarr;<\/span><\/a><\/p>\n","protected":false},"featured_media":484,"comment_status":"closed","ping_status":"closed","template":"","meta":[],"product_cat":[23],"product_tag":[],"_links":{"self":[{"href":"http:\/\/www.ccsp.it\/blog\/index.php?rest_route=\/wp\/v2\/product\/483"}],"collection":[{"href":"http:\/\/www.ccsp.it\/blog\/index.php?rest_route=\/wp\/v2\/product"}],"about":[{"href":"http:\/\/www.ccsp.it\/blog\/index.php?rest_route=\/wp\/v2\/types\/product"}],"replies":[{"embeddable":true,"href":"http:\/\/www.ccsp.it\/blog\/index.php?rest_route=%2Fwp%2Fv2%2Fcomments&post=483"}],"wp:featuredmedia":[{"embeddable":true,"href":"http:\/\/www.ccsp.it\/blog\/index.php?rest_route=\/wp\/v2\/media\/484"}],"wp:attachment":[{"href":"http:\/\/www.ccsp.it\/blog\/index.php?rest_route=%2Fwp%2Fv2%2Fmedia&parent=483"}],"wp:term":[{"taxonomy":"product_cat","embeddable":true,"href":"http:\/\/www.ccsp.it\/blog\/index.php?rest_route=%2Fwp%2Fv2%2Fproduct_cat&post=483"},{"taxonomy":"product_tag","embeddable":true,"href":"http:\/\/www.ccsp.it\/blog\/index.php?rest_route=%2Fwp%2Fv2%2Fproduct_tag&post=483"}],"curies":[{"name":"wp","href":"https:\/\/api.w.org\/{rel}","templated":true}]}}